{"id":26684,"date":"2024-01-26T21:32:52","date_gmt":"2024-01-26T21:32:52","guid":{"rendered":"https:\/\/savvy.edu.pl\/?page_id=26684"},"modified":"2024-01-26T21:44:58","modified_gmt":"2024-01-26T21:44:58","slug":"privacy-policy","status":"publish","type":"page","link":"https:\/\/savvy.edu.pl\/en\/privacy-policy\/","title":{"rendered":"Privacy policy"},"content":{"rendered":"<div data-elementor-type=\"wp-post\" data-elementor-id=\"26684\" class=\"elementor elementor-26684\">\n\t\t\t\t<div class=\"elementor-element elementor-element-7c1e0b9 e-flex e-con-boxed e-con e-parent\" data-id=\"7c1e0b9\" data-element_type=\"container\" data-settings=\"{&quot;background_background&quot;:&quot;classic&quot;}\">\n\t\t\t\t\t<div class=\"e-con-inner\">\n\t\t<div class=\"elementor-element elementor-element-edd70a4 e-con-full e-flex e-con e-child\" data-id=\"edd70a4\" data-element_type=\"container\">\n\t\t\t\t<div class=\"elementor-element elementor-element-4e873bb elementor-widget elementor-widget-image-box\" data-id=\"4e873bb\" data-element_type=\"widget\" data-widget_type=\"image-box.default\">\n\t\t\t\t<div class=\"elementor-widget-container\">\n\t\t\t<style>\/*! elementor - v3.21.0 - 30-04-2024 *\/\n.elementor-widget-image-box .elementor-image-box-content{width:100%}@media (min-width:768px){.elementor-widget-image-box.elementor-position-left .elementor-image-box-wrapper,.elementor-widget-image-box.elementor-position-right .elementor-image-box-wrapper{display:flex}.elementor-widget-image-box.elementor-position-right .elementor-image-box-wrapper{text-align:end;flex-direction:row-reverse}.elementor-widget-image-box.elementor-position-left .elementor-image-box-wrapper{text-align:start;flex-direction:row}.elementor-widget-image-box.elementor-position-top .elementor-image-box-img{margin:auto}.elementor-widget-image-box.elementor-vertical-align-top .elementor-image-box-wrapper{align-items:flex-start}.elementor-widget-image-box.elementor-vertical-align-middle .elementor-image-box-wrapper{align-items:center}.elementor-widget-image-box.elementor-vertical-align-bottom .elementor-image-box-wrapper{align-items:flex-end}}@media (max-width:767px){.elementor-widget-image-box .elementor-image-box-img{margin-left:auto!important;margin-right:auto!important;margin-bottom:15px}}.elementor-widget-image-box .elementor-image-box-img{display:inline-block}.elementor-widget-image-box .elementor-image-box-title a{color:inherit}.elementor-widget-image-box .elementor-image-box-wrapper{text-align:center}.elementor-widget-image-box .elementor-image-box-description{margin:0}<\/style><div class=\"elementor-image-box-wrapper\"><div class=\"elementor-image-box-content\"><h1 class=\"elementor-image-box-title\">Privacy policy<\/h1><\/div><\/div>\t\t<\/div>\n\t\t\t\t<\/div>\n\t\t\t\t<\/div>\n\t\t\t\t\t<\/div>\n\t\t\t\t<\/div>\n\t\t<div class=\"elementor-element elementor-element-264481d e-flex e-con-boxed e-con e-parent\" data-id=\"264481d\" data-element_type=\"container\" data-settings=\"{&quot;background_background&quot;:&quot;classic&quot;,&quot;shape_divider_bottom&quot;:&quot;waves&quot;}\">\n\t\t\t\t\t<div class=\"e-con-inner\">\n\t\t\t\t<div class=\"elementor-shape elementor-shape-bottom\" data-negative=\"false\">\n\t\t\t<svg xmlns=\"http:\/\/www.w3.org\/2000\/svg\" viewbox=\"0 0 1000 100\" preserveaspectratio=\"none\">\n\t<path class=\"elementor-shape-fill\" d=\"M421.9,6.5c22.6-2.5,51.5,0.4,75.5,5.3c23.6,4.9,70.9,23.5,100.5,35.7c75.8,32.2,133.7,44.5,192.6,49.7\tc23.6,2.1,48.7,3.5,103.4-2.5c54.7-6,106.2-25.6,106.2-25.6V0H0v30.3c0,0,72,32.6,158.4,30.5c39.2-0.7,92.8-6.7,134-22.4\tc21.2-8.1,52.2-18.2,79.7-24.2C399.3,7.9,411.6,7.5,421.9,6.5z\"\/>\n<\/svg>\t\t<\/div>\n\t\t<div class=\"elementor-element elementor-element-f5bf1cd e-flex e-con-boxed e-con e-child\" data-id=\"f5bf1cd\" data-element_type=\"container\">\n\t\t\t\t\t<div class=\"e-con-inner\">\n\t\t\t\t<div class=\"elementor-element elementor-element-f60d8cf elementor-widget elementor-widget-text-editor\" data-id=\"f60d8cf\" data-element_type=\"widget\" data-widget_type=\"text-editor.default\">\n\t\t\t\t<div class=\"elementor-widget-container\">\n\t\t\t<style>\/*! elementor - v3.21.0 - 30-04-2024 *\/\n.elementor-widget-text-editor.elementor-drop-cap-view-stacked .elementor-drop-cap{background-color:#69727d;color:#fff}.elementor-widget-text-editor.elementor-drop-cap-view-framed .elementor-drop-cap{color:#69727d;border:3px solid;background-color:transparent}.elementor-widget-text-editor:not(.elementor-drop-cap-view-default) .elementor-drop-cap{margin-top:8px}.elementor-widget-text-editor:not(.elementor-drop-cap-view-default) .elementor-drop-cap-letter{width:1em;height:1em}.elementor-widget-text-editor .elementor-drop-cap{float:left;text-align:center;line-height:1;font-size:50px}.elementor-widget-text-editor .elementor-drop-cap-letter{display:inline-block}<\/style>\t\t\t\t<p><b>Polityka prywatno\u015bci<\/b><\/p>\n<p><span style=\"font-weight: 400;\">Niniejsza Polityka prywatno\u015bci s\u0142u\u017cy jako pomoc w zrozumieniu, jakie dane zbieramy, w jakim celu oraz do czego je wykorzystujemy.<\/span><\/p>\n<p><span style=\"font-weight: 400;\">Administratorem danych osobowych jest SAVVY. Katarzyna Jaartsveld, Armando Jaartsveld.<\/span><\/p>\n<p><span style=\"font-weight: 400;\">Celem&nbsp; Polityki Prywatno\u015bci jest okre\u015blenie:<\/span><\/p>\n<ul>\n<li><span style=\"font-weight: 400;\">kto jest administratorem danych osobowych,<\/span><\/li>\n<\/ul>\n<ul>\n<li><span style=\"font-weight: 400;\">w jakim zakresie i w jakim celu dane osobowe s\u0105 przez nas przetwarzane,<\/span><\/li>\n<\/ul>\n<ul>\n<li><span style=\"font-weight: 400;\">komu s\u0105 udost\u0119pniane i jak s\u0105 chronione.<\/span><\/li>\n<\/ul>\n<p><span style=\"font-weight: 400;\">Informujemy,&nbsp; \u017ce ka\u017cda osoba mo\u017ce swobodnie decydowa\u0107 o tym, czy chce przekaza\u0107 nam swoje dane lub czy i w jakim zakresie skorzysta z naszego serwisu.<\/span><\/p>\n<p><span style=\"font-weight: 400;\">Zapewniamy, \u017ce dok\u0142adamy wszelkich stara\u0144 by chroni\u0107 zbierane przez nas dane osobowe zgodnie z przepisami krajowymi oraz rozporz\u0105dzenia Parlamentu Europejskiego i Rady (UE) 2016\/679 z dnia 27 kwietnia 2016 r. w sprawie ochrony os\u00f3b fizycznych w zwi\u0105zku z przetwarzaniem danych osobowych i w sprawie swobodnego przep\u0142ywu takich danych oraz uchylenia dyrektywy 95\/46\/WE (og\u00f3lne rozporz\u0105dzenie o ochronie danych) (Dz. Urz. UE. L Nr 119\/1) \u2013 zwane \u201cRODO\u201d.<\/span><\/p>\n<p><b style=\"font-style: inherit; text-align: var(--text-align);\">I. Zakres polityki prywatno\u015bci. Kogo dotyczy?<\/b><\/p>\n<p><span style=\"font-weight: 400;\">Polityka prywatno\u015bci zawiera informacje dotycz\u0105ce przetwarzania SAVVY danych osobowych obecnych, by\u0142ych oraz potencjalnych Klient\u00f3w oraz wszystkich odwiedzaj\u0105cych i korzystaj\u0105cych z us\u0142ug naszej strony firmowej <\/span><a href=\"https:\/\/savvy.edu.pl\/en\/\"><span style=\"font-weight: 400;\">https:\/\/savvy.edu.pl\/<\/span><\/a><span style=\"font-weight: 400;\">.&nbsp;<\/span><\/p>\n<p><span style=\"font-weight: 400;\">Uzupe\u0142nieniem niniejszej polityki mog\u0105 by\u0107 informacje przekazywane SAVVY w momencie zbierania danych osobowych przy okazji przygotowania i realizacji poszczeg\u00f3lnych us\u0142ug lub formularzy kontaktowych.&nbsp;<\/span><\/p>\n<p><b style=\"font-style: inherit; text-align: var(--text-align);\">II. Administrator.&nbsp;<\/b><\/p>\n<p><span style=\"font-weight: 400;\">Przetwarzamy Twoje dane osobowe jako ich administrator.<\/span><\/p>\n<p><span style=\"font-weight: 400;\">W celu uzyskania wszelkich informacji zwi\u0105zanych z nadzorem nad Twoimi danymi osobowymi mo\u017cesz skontaktowa\u0107 si\u0119 z nami w celu udzielenia informacji na temat Twoich danych osobowych na mail: <\/span><a href=\"mailto:info@savvy.edu.pl\"><span style=\"font-weight: 400;\">info@savvy.edu.pl<\/span><\/a><\/p>\n<p><b>III. Jakie dane osobowe zbieramy?<\/b><\/p>\n<p><span style=\"font-weight: 400;\">Zbieramy i przetwarzamy nast\u0119puj\u0105ce dane osobowe:<\/span><\/p>\n<p><span style=\"font-weight: 400;\">-imi\u0119 i nazwisko<\/span><\/p>\n<p><span style=\"font-weight: 400;\">-adres mailowy<\/span><\/p>\n<p><span style=\"font-weight: 400;\">-udzia\u0142 w naszych kursach<\/span><\/p>\n<p><span style=\"font-weight: 400;\">-wszystkie typy komunikacji z Tob\u0105<\/span><\/p>\n<p><span style=\"font-weight: 400;\">Podanie danych jest zawsze dobrowolne. Przetwarzamy Twoje dane w minimalnym zakresie, kt\u00f3ry jest niezb\u0119dny do realizacji jednego lub wi\u0119kszej liczby cel\u00f3w. Nie wykraczamy poza zakres danych, kt\u00f3ry jest okre\u015blony w danym formularzu (np. formularz kontaktowy).<\/span><\/p>\n<p><b style=\"font-style: inherit; text-align: var(--text-align);\">IV. W jakim celu zbieramy i przetwarzamy Twoje dane osobowe?<\/b><\/p>\n<p><span style=\"font-weight: 400;\">Twoje dane mog\u0105 by\u0107 przetwarzane w nast\u0119puj\u0105cych celach i w zale\u017cno\u015bci od charakteru naszej relacji lub us\u0142ug z kt\u00f3rych b\u0119dziesz korzysta\u0107, korzystasz lub korzysta\u0142e\u015b:<\/span><\/p>\n<ul>\n<li><span style=\"font-weight: 400;\">wykonanie umowy lub dzia\u0142ania podj\u0119te przed zawarciem umowy, je\u017celi np. korzystasz lub zamierzasz skorzysta\u0107 z naszych kurs\u00f3w<\/span><\/li>\n<\/ul>\n<ul>\n<li><span style=\"font-weight: 400;\">zarz\u0105dzanie naszymi relacjami;<\/span><\/li>\n<\/ul>\n<ul>\n<li><span style=\"font-weight: 400;\">zapewnienie zgodno\u015bci ze wszystkimi obowi\u0105zkami prawnymi np. by spe\u0142ni\u0107 wymogi ustawy o rachunkowo\u015bci lub ustaw podatkowych<\/span><\/li>\n<\/ul>\n<p><b style=\"font-style: inherit; text-align: var(--text-align);\">V. Jak zbieramy Twoje dane?<\/b><\/p>\n<p><span style=\"font-weight: 400;\">Wi\u0119kszo\u015b\u0107 danych, kt\u00f3re przetwarzamy to informacje, kt\u00f3re przekaza\u0142e\u015b\/a\u015b nam z w\u0142asnej woli. Jednak\u017ce w niekt\u00f3rych, sporadycznych przypadkach, zw\u0142aszcza je\u017celi korzystasz z naszych okre\u015blonych us\u0142ug mo\u017cemy przetwarza\u0107 dane osobowe, kt\u00f3re jeste\u015bmy w stanie wywnioskowa\u0107 wzgl\u0119dem Ciebie na podstawie innych informacji, kt\u00f3re nam przekazujesz oraz kt\u00f3re pozyskujemy w toku relacji z Tob\u0105. Dane te nie b\u0119d\u0105 przetwarzane d\u0142u\u017cej ni\u017c jest to konieczne lub b\u0119d\u0105 niezw\u0142ocznie usuwane.<\/span><\/p>\n<p><b style=\"font-style: inherit; text-align: var(--text-align);\">VI. Gdzie s\u0105 przetwarzane Twoje dane?<\/b><\/p>\n<p><span style=\"font-weight: 400;\">Przetwarzamy Twoje dane osobowe&nbsp; na terytorium Polski. W przypadku zlecania us\u0142ug&nbsp; podwykonawcom, z kt\u00f3rych korzystamy lub b\u0119dziemy w przysz\u0142o\u015bci korzysta\u0107, cz\u0119\u015b\u0107 Twoich danych mo\u017ce by\u0107 przekazana innym podmiotom. Jednak\u017ce, ka\u017cdy nasz partner, kt\u00f3remu powierzymy przetwarzanie Twoich danych osobowych b\u0119dzie je przetwarza\u0107 w oparciu o umow\u0119 powierzenia przetwarzania lub inny instrument prawny. Dochowujemy staranno\u015bci, aby zbieranie, otrzymywanie, u\u017cywanie, udost\u0119pnianie lub inne operacje na Twoich danych osobowych odbywa\u0142y si\u0119 zgodnie z obowi\u0105zuj\u0105cym prawem, niniejsz\u0105 polityk\u0105 prywatno\u015bci oraz naszymi wewn\u0119trznymi politykami, procedurami i standardami.<\/span><\/p>\n<p><span style=\"font-weight: 400;\">Tylko grupa upowa\u017cnionych lub autoryzowanych pracownik\u00f3w SAVVY b\u0119dzie posiada\u0107 dost\u0119p do Twoich danych z racji konieczno\u015bci posiadania takiego dost\u0119pu (administracja, dzia\u0142 IT, ksi\u0119gowo\u015b\u0107).<\/span><\/p>\n<p><span style=\"font-weight: 400;\">Twoje dane osobowe mog\u0105 by\u0107 r\u00f3wnie\u017c przekazywane odpowiednim w\u0142adzom publicznym, gdy wynika to z przepis\u00f3w prawa (np. by unikn\u0105\u0107 przest\u0119pstwa lub oszustwa lub by spe\u0142ni\u0107 polecenie s\u0105du lub inny obowi\u0105zek prawny polskiego lub unijnego organu lub s\u0105du).<\/span><\/p>\n<p><b>VII. W oparciu jakie podstawy prawne przetwarzamy Twoje dane?<\/b><\/p>\n<p><span style=\"font-weight: 400;\">Przetwarzamy Twoje dane osobowe w oparciu o nast\u0119puj\u0105ce podstawy prawne, aby spe\u0142nia\u0107 obowi\u0105zki prawne, kt\u00f3re s\u0105 na nas na\u0142o\u017cone przez RODO i przepisy krajowe:<\/span><\/p>\n<ul>\n<li><span style=\"font-weight: 400;\">w oparciu o Twoj\u0105 zgod\u0119 (np. gdy chcesz otrzymywa\u0107 informacj\u0119 handlow\u0105).<\/span><\/li>\n<\/ul>\n<p><span style=\"font-weight: 400;\">Je\u015bli przetwarzamy Twoje dane osobowe w oparciu o Twoj\u0105 zgod\u0119, masz prawo wycofa\u0107 t\u0119 zgod\u0119 w dowolnym momencie poprzez zastosowanie si\u0119 do szczeg\u00f3\u0142owych instrukcji co do przetwarzania lub instrument\u00f3w pozwalaj\u0105cych na jej wycofanie (np. poprzez link w wiadomo\u015bci, kt\u00f3r\u0105 otrzyma\u0142e\u015b) lub poprzez skontaktowanie si\u0119 poprzez&nbsp;<\/span><span style=\"font-style: inherit; text-align: var(--text-align);\">info@savvy.edu.pl<\/span><\/p>\n<ul>\n<li><span style=\"font-weight: 400;\">na podstawie naszych uzasadnionych interes\u00f3w lub te\u017c interes\u00f3w stron trzecich;&nbsp;<\/span><\/li>\n<\/ul>\n<p><span style=\"font-weight: 400;\">Przetwarzaj\u0105c Twoje dane osobowe na podstawie naszych uzasadnionych interes\u00f3w lub interes\u00f3w stron trzecich, b\u0119dziemy podejmowa\u0107 w\u0142a\u015bciwe dzia\u0142ania by zabezpieczy\u0107 Ci\u0119 przed mo\u017cliwymi szkodami. Nasze uzasadnione interesy mog\u0105 obejmowa\u0107, na przyk\u0142ad, cele marketingowe (promocj\u0119 naszych produkt\u00f3w i us\u0142ug). By dowiedzie\u0107 si\u0119 wi\u0119cej na temat wskazanych interes\u00f3w, zobacz wymienione wy\u017cej cele, dla kt\u00f3rych przetwarzamy dane osobowe;<\/span><\/p>\n<ul>\n<li><span style=\"font-weight: 400;\">na podstawie zawartej umowy w celu niezb\u0119dnym do jej wykonania lub na podstawie dzia\u0142a\u0144 zmierzaj\u0105cych do jej zawarcia (np. gdy zapisujesz si\u0119 na kurs)<\/span><\/li>\n<\/ul>\n<p><b>VIII. Jak zabezpieczamy Twoje dane?<\/b><\/p>\n<p><span style=\"font-weight: 400;\">Szko\u0142a SAVVY zobowi\u0105zuje si\u0119 w\u0142a\u015bciwie chroni\u0107 Twoje dane osobowe zgodnie z przyj\u0119tymi wewn\u0119trznymi politykami, procedurami i standardami tak, aby dane osobowe by\u0142y chronione przed nieautoryzowanym u\u017cyciem lub dost\u0119pem, bezprawnymi modyfikacjami, utrat\u0105 lub zniszczeniem. Twoje dane osobowe nie b\u0119d\u0105 przechowywane d\u0142u\u017cej, ni\u017c jest to konieczne dla celu, dla kt\u00f3rego zosta\u0142y zebrane, w\u0142\u0105czaj\u0105c w to konieczno\u015b\u0107 zachowania zgodno\u015bci z obowi\u0105zkami prawnymi i podatkowymi (np. ustawa o rachunkowo\u015bci) oraz dla rozpatrywania spor\u00f3w, dochodzenia lub obrony roszcze\u0144.<\/span><\/p>\n<p><b style=\"font-style: inherit; text-align: var(--text-align);\">IX. Pliki cookies<\/b><\/p>\n<p><span style=\"font-weight: 400;\">Wizyta w naszym serwisie internetowym wi\u0105\u017ce si\u0119 z konieczno\u015bci\u0105 tworzenia ma\u0142ych plik\u00f3w tekstowych, umieszczanych na Twoim urz\u0105dzeniu przeno\u015bnym (komputerze, tablecie lub smartfonie) przez przegl\u0105dark\u0119, s\u0142u\u017c\u0105cych do identyfikacji U\u017cytkownika, jego osobistych preferencji oraz podnoszenia jako\u015bci oferowanych przez nas us\u0142ug. Ciasteczko zazwyczaj zawiera nazw\u0119 strony internetowej, z kt\u00f3rej pochodzi, \u201ed\u0142ugo\u015b\u0107 \u017cycia\u201d ciasteczka (to znaczy czas jego istnienia) oraz przypadkowo wygenerowany unikalny numer s\u0142u\u017c\u0105cy do identyfikacji przegl\u0105darki, z jakiej nast\u0119puje po\u0142\u0105czenie ze stron\u0105 internetow\u0105.<\/span><\/p>\n<p><span style=\"font-weight: 400;\">Niezb\u0119dne pliki cookie przyczyniaj\u0105 si\u0119 do u\u017cyteczno\u015bci strony poprzez umo\u017cliwianie podstawowych funkcji takich jak nawigacja na stronie i dost\u0119p do bezpiecznych obszar\u00f3w strony internetowej. Strona internetowa nie mo\u017ce funkcjonowa\u0107 poprawnie bez tych ciasteczek.<\/span><\/p>\n<p><b style=\"font-style: inherit; text-align: var(--text-align);\">X. Jakie masz prawa?<\/b><\/p>\n<p><span style=\"font-weight: 400;\">W ka\u017cdym czasie masz prawo dost\u0119pu do danych osobowych oraz mo\u017cliwo\u015b\u0107 ich aktualizacji\u2028i zmiany. Mo\u017cesz zrealizowa\u0107 r\u00f3wnie\u017c wszelkie inne prawa jakie posiadasz na mocy obowi\u0105zuj\u0105cych przepis\u00f3w prawa ochrony danych, a w szczeg\u00f3lno\u015bci prawo do usuni\u0119cia danych lub ograniczenia ich przetwarzania oraz prawo przenoszenia cz\u0119\u015bci Twoich danych do innych organizacji. Masz r\u00f3wnie\u017c prawo do sprzeciwu wzgl\u0119dem pewnych rodzaj\u00f3w przetwarzania Twoich danych osobowych, jak r\u00f3wnie\u017c w wypadku, gdy prosili\u015bmy o Twoj\u0105 zgod\u0119, na wycofanie tej zgody w ka\u017cdym czasie. Wymienione prawa mog\u0105 by\u0107 ograniczone w niekt\u00f3rych sytuacjach \u2013 np. kiedy mo\u017cemy wykaza\u0107, \u017ce jeste\u015bmy zobowi\u0105zani prawnie do przetwarzania Twoich danych. Je\u015bli pragniesz skorzysta\u0107 z nale\u017cnych Ci praw, wszystko co musisz zrobi\u0107 to przes\u0142a\u0107 odpowiedni\u0105 pro\u015bb\u0119 na adres: info@savvy.edu.pl<\/span><\/p>\n<p><span style=\"font-weight: 400;\">Mo\u017cesz r\u00f3wnie\u017c skontaktowa\u0107 si\u0119 z nami w przypadku jakichkolwiek pyta\u0144, uwag lub skarg w odniesieniu do niniejszej polityki prywatno\u015bci. Jednak\u017ce, je\u015bli wci\u0105\u017c masz jakiekolwiek w\u0105tpliwo\u015bci masz prawo do z\u0142o\u017cenia skargi do Prezesa Urz\u0119du Ochrony Danych Osobowych.<\/span><\/p>\n<p><b style=\"font-style: inherit; text-align: var(--text-align);\">XI. W jaki spos\u00f3b dbamy o Polityk\u0119 Prywatno\u015bci?<\/b><\/p>\n<p><span style=\"font-weight: 400;\">Poddajemy polityk\u0119 ci\u0105g\u0142ej aktualizacji i poinformujemy Ci\u0119 o jakichkolwiek zmianach poprzez opublikowanie zaktualizowanej polityki na naszej stronie lub przedstawimy zmiany do publicznej wiadomo\u015bci na tablicy og\u0142osze\u0144 w celu jej opublikowania.<\/span><\/p>\t\t\t\t\t\t<\/div>\n\t\t\t\t<\/div>\n\t\t\t\t\t<\/div>\n\t\t\t\t<\/div>\n\t\t\t\t\t<\/div>\n\t\t\t\t<\/div>\n\t\t<div class=\"elementor-element elementor-element-a38c7bf e-flex e-con-boxed e-con e-parent\" data-id=\"a38c7bf\" data-element_type=\"container\" data-settings=\"{&quot;background_background&quot;:&quot;classic&quot;,&quot;shape_divider_top&quot;:&quot;waves&quot;,&quot;shape_divider_top_negative&quot;:&quot;yes&quot;}\">\n\t\t\t\t\t<div class=\"e-con-inner\">\n\t\t\t\t<div class=\"elementor-shape elementor-shape-top\" data-negative=\"true\">\n\t\t\t<svg xmlns=\"http:\/\/www.w3.org\/2000\/svg\" viewbox=\"0 0 1000 100\" preserveaspectratio=\"none\">\n\t<path class=\"elementor-shape-fill\" d=\"M790.5,93.1c-59.3-5.3-116.8-18-192.6-50c-29.6-12.7-76.9-31-100.5-35.9c-23.6-4.9-52.6-7.8-75.5-5.3\tc-10.2,1.1-22.6,1.4-50.1,7.4c-27.2,6.3-58.2,16.6-79.4,24.7c-41.3,15.9-94.9,21.9-134,22.6C72,58.2,0,25.8,0,25.8V100h1000V65.3\tc0,0-51.5,19.4-106.2,25.7C839.5,97,814.1,95.2,790.5,93.1z\"\/>\n<\/svg>\t\t<\/div>\n\t\t<div class=\"elementor-element elementor-element-c592f5b e-con-full e-flex e-con e-child\" data-id=\"c592f5b\" data-element_type=\"container\">\n\t\t\t\t<\/div>\n\t\t\t\t\t<\/div>\n\t\t\t\t<\/div>\n\t\t\t\t<\/div>","protected":false},"excerpt":{"rendered":"<p>Privacy policy Polityka prywatno\u015bci Niniejsza Polityka prywatno\u015bci s\u0142u\u017cy jako pomoc w zrozumieniu, jakie dane zbieramy, w jakim celu oraz do czego je wykorzystujemy. Administratorem danych osobowych jest SAVVY. Katarzyna Jaartsveld, Armando Jaartsveld. Celem&nbsp; Polityki Prywatno\u015bci jest okre\u015blenie: kto jest administratorem danych osobowych, w jakim zakresie i w jakim celu dane osobowe s\u0105 przez nas przetwarzane, [&hellip;]<\/p>","protected":false},"author":1,"featured_media":0,"parent":0,"menu_order":98,"comment_status":"closed","ping_status":"closed","template":"","meta":{"site-sidebar-layout":"no-sidebar","site-content-layout":"page-builder","ast-site-content-layout":"","site-content-style":"default","site-sidebar-style":"default","ast-global-header-display":"","ast-banner-title-visibility":"","ast-main-header-display":"","ast-hfb-above-header-display":"","ast-hfb-below-header-display":"","ast-hfb-mobile-header-display":"","site-post-title":"disabled","ast-breadcrumbs-content":"","ast-featured-img":"disabled","footer-sml-layout":"","theme-transparent-header-meta":"enabled","adv-header-id-meta":"","stick-header-meta":"","header-above-stick-meta":"","header-main-stick-meta":"","header-below-stick-meta":"","astra-migrate-meta-layouts":"default","ast-page-background-enabled":"default","ast-page-background-meta":{"desktop":{"background-color":"","background-image":"","background-repeat":"repeat","background-position":"center center","background-size":"auto","background-attachment":"scroll","background-type":"","background-media":"","overlay-type":"","overlay-color":"","overlay-gradient":""},"tablet":{"background-color":"","background-image":"","background-repeat":"repeat","background-position":"center center","background-size":"auto","background-attachment":"scroll","background-type":"","background-media":"","overlay-type":"","overlay-color":"","overlay-gradient":""},"mobile":{"background-color":"","background-image":"","background-repeat":"repeat","background-position":"center center","background-size":"auto","background-attachment":"scroll","background-type":"","background-media":"","overlay-type":"","overlay-color":"","overlay-gradient":""}},"ast-content-background-meta":{"desktop":{"background-color":"var(--ast-global-color-5)","background-image":"","background-repeat":"repeat","background-position":"center center","background-size":"auto","background-attachment":"scroll","background-type":"","background-media":"","overlay-type":"","overlay-color":"","overlay-gradient":""},"tablet":{"background-color":"var(--ast-global-color-5)","background-image":"","background-repeat":"repeat","background-position":"center center","background-size":"auto","background-attachment":"scroll","background-type":"","background-media":"","overlay-type":"","overlay-color":"","overlay-gradient":""},"mobile":{"background-color":"var(--ast-global-color-5)","background-image":"","background-repeat":"repeat","background-position":"center center","background-size":"auto","background-attachment":"scroll","background-type":"","background-media":"","overlay-type":"","overlay-color":"","overlay-gradient":""}},"_glsr_average":0,"_glsr_ranking":0,"_glsr_reviews":0,"footnotes":""},"class_list":["post-26684","page","type-page","status-publish","hentry"],"_links":{"self":[{"href":"https:\/\/savvy.edu.pl\/en\/wp-json\/wp\/v2\/pages\/26684","targetHints":{"allow":["GET"]}}],"collection":[{"href":"https:\/\/savvy.edu.pl\/en\/wp-json\/wp\/v2\/pages"}],"about":[{"href":"https:\/\/savvy.edu.pl\/en\/wp-json\/wp\/v2\/types\/page"}],"author":[{"embeddable":true,"href":"https:\/\/savvy.edu.pl\/en\/wp-json\/wp\/v2\/users\/1"}],"replies":[{"embeddable":true,"href":"https:\/\/savvy.edu.pl\/en\/wp-json\/wp\/v2\/comments?post=26684"}],"version-history":[{"count":10,"href":"https:\/\/savvy.edu.pl\/en\/wp-json\/wp\/v2\/pages\/26684\/revisions"}],"predecessor-version":[{"id":26694,"href":"https:\/\/savvy.edu.pl\/en\/wp-json\/wp\/v2\/pages\/26684\/revisions\/26694"}],"wp:attachment":[{"href":"https:\/\/savvy.edu.pl\/en\/wp-json\/wp\/v2\/media?parent=26684"}],"curies":[{"name":"wp","href":"https:\/\/api.w.org\/{rel}","templated":true}]}}