{"id":26677,"date":"2024-01-26T21:06:53","date_gmt":"2024-01-26T21:06:53","guid":{"rendered":"https:\/\/savvy.edu.pl\/?page_id=26677"},"modified":"2025-06-04T12:39:55","modified_gmt":"2025-06-04T12:39:55","slug":"terms-and-conditions","status":"publish","type":"page","link":"https:\/\/savvy.edu.pl\/en\/terms-and-conditions\/","title":{"rendered":"Terms and conditions"},"content":{"rendered":"<div data-elementor-type=\"wp-post\" data-elementor-id=\"26677\" class=\"elementor elementor-26677\">\n\t\t\t\t<div class=\"elementor-element elementor-element-7c1e0b9 e-flex e-con-boxed e-con e-parent\" data-id=\"7c1e0b9\" data-element_type=\"container\" data-settings=\"{&quot;background_background&quot;:&quot;classic&quot;}\">\n\t\t\t\t\t<div class=\"e-con-inner\">\n\t\t<div class=\"elementor-element elementor-element-edd70a4 e-con-full e-flex e-con e-child\" data-id=\"edd70a4\" data-element_type=\"container\">\n\t\t\t\t<div class=\"elementor-element elementor-element-4e873bb elementor-widget elementor-widget-image-box\" data-id=\"4e873bb\" data-element_type=\"widget\" data-widget_type=\"image-box.default\">\n\t\t\t\t<div class=\"elementor-widget-container\">\n\t\t\t<style>\/*! elementor - v3.21.0 - 30-04-2024 *\/\n.elementor-widget-image-box .elementor-image-box-content{width:100%}@media (min-width:768px){.elementor-widget-image-box.elementor-position-left .elementor-image-box-wrapper,.elementor-widget-image-box.elementor-position-right .elementor-image-box-wrapper{display:flex}.elementor-widget-image-box.elementor-position-right .elementor-image-box-wrapper{text-align:end;flex-direction:row-reverse}.elementor-widget-image-box.elementor-position-left .elementor-image-box-wrapper{text-align:start;flex-direction:row}.elementor-widget-image-box.elementor-position-top .elementor-image-box-img{margin:auto}.elementor-widget-image-box.elementor-vertical-align-top .elementor-image-box-wrapper{align-items:flex-start}.elementor-widget-image-box.elementor-vertical-align-middle .elementor-image-box-wrapper{align-items:center}.elementor-widget-image-box.elementor-vertical-align-bottom .elementor-image-box-wrapper{align-items:flex-end}}@media (max-width:767px){.elementor-widget-image-box .elementor-image-box-img{margin-left:auto!important;margin-right:auto!important;margin-bottom:15px}}.elementor-widget-image-box .elementor-image-box-img{display:inline-block}.elementor-widget-image-box .elementor-image-box-title a{color:inherit}.elementor-widget-image-box .elementor-image-box-wrapper{text-align:center}.elementor-widget-image-box .elementor-image-box-description{margin:0}<\/style><div class=\"elementor-image-box-wrapper\"><div class=\"elementor-image-box-content\"><h1 class=\"elementor-image-box-title\">Terms and conditions<\/h1><\/div><\/div>\t\t<\/div>\n\t\t\t\t<\/div>\n\t\t\t\t<\/div>\n\t\t\t\t\t<\/div>\n\t\t\t\t<\/div>\n\t\t<div class=\"elementor-element elementor-element-264481d e-flex e-con-boxed e-con e-parent\" data-id=\"264481d\" data-element_type=\"container\" data-settings=\"{&quot;background_background&quot;:&quot;classic&quot;,&quot;shape_divider_bottom&quot;:&quot;waves&quot;}\">\n\t\t\t\t\t<div class=\"e-con-inner\">\n\t\t\t\t<div class=\"elementor-shape elementor-shape-bottom\" data-negative=\"false\">\n\t\t\t<svg xmlns=\"http:\/\/www.w3.org\/2000\/svg\" viewbox=\"0 0 1000 100\" preserveaspectratio=\"none\">\n\t<path class=\"elementor-shape-fill\" d=\"M421.9,6.5c22.6-2.5,51.5,0.4,75.5,5.3c23.6,4.9,70.9,23.5,100.5,35.7c75.8,32.2,133.7,44.5,192.6,49.7\tc23.6,2.1,48.7,3.5,103.4-2.5c54.7-6,106.2-25.6,106.2-25.6V0H0v30.3c0,0,72,32.6,158.4,30.5c39.2-0.7,92.8-6.7,134-22.4\tc21.2-8.1,52.2-18.2,79.7-24.2C399.3,7.9,411.6,7.5,421.9,6.5z\"\/>\n<\/svg>\t\t<\/div>\n\t\t<div class=\"elementor-element elementor-element-f5bf1cd e-flex e-con-boxed e-con e-child\" data-id=\"f5bf1cd\" data-element_type=\"container\">\n\t\t\t\t\t<div class=\"e-con-inner\">\n\t\t\t\t<div class=\"elementor-element elementor-element-f60d8cf elementor-widget elementor-widget-text-editor\" data-id=\"f60d8cf\" data-element_type=\"widget\" data-widget_type=\"text-editor.default\">\n\t\t\t\t<div class=\"elementor-widget-container\">\n\t\t\t<style>\/*! elementor - v3.21.0 - 30-04-2024 *\/\n.elementor-widget-text-editor.elementor-drop-cap-view-stacked .elementor-drop-cap{background-color:#69727d;color:#fff}.elementor-widget-text-editor.elementor-drop-cap-view-framed .elementor-drop-cap{color:#69727d;border:3px solid;background-color:transparent}.elementor-widget-text-editor:not(.elementor-drop-cap-view-default) .elementor-drop-cap{margin-top:8px}.elementor-widget-text-editor:not(.elementor-drop-cap-view-default) .elementor-drop-cap-letter{width:1em;height:1em}.elementor-widget-text-editor .elementor-drop-cap{float:left;text-align:center;line-height:1;font-size:50px}.elementor-widget-text-editor .elementor-drop-cap-letter{display:inline-block}<\/style>\t\t\t\t<p><b>REGULAMIN SZKO\u0141Y J\u0118ZYKOWEJ SAVVY<\/b><\/p><p><span style=\"font-weight: 400;\">Us\u0142ugi oferowane na stronie <\/span><a href=\"https:\/\/savvy.edu.pl\/en\/\"><span style=\"font-weight: 400;\">https:\/\/savvy.edu.pl\/<\/span><\/a><span style=\"font-weight: 400;\"> sprzedawane s\u0105 przez dzia\u0142alno\u015b\u0107 gospodarcz\u0105 pod nazw\u0105 Savvy., NIP: , REGON: .\u00a0<\/span><\/p><p><b>Dane do kontaktu:<\/b><\/p><p><span style=\"font-weight: 400;\">Email: info@savvy.edu.pl<\/span><\/p><p><span style=\"font-weight: 400;\">_______________________________________________________________________________________________________<\/span><\/p><p><b style=\"font-style: inherit; text-align: var(--text-align);\">I. Postanowienia og\u00f3lne<\/b><\/p><p><span style=\"font-weight: 400;\">Savvy jest prywatn\u0105 instytucj\u0105 \u015bwiadcz\u0105c\u0105 us\u0142ugi polegaj\u0105ce na nauczaniu j\u0119zyka angielskiego.<\/span><\/p><p><b style=\"font-style: inherit; text-align: var(--text-align);\">II. Kursy j\u0119zykowe oraz zasady uczestnictwa w zaj\u0119ciach<\/b><\/p><ol><li><span style=\"font-weight: 400;\"> Szko\u0142a prowadzi kursy j\u0119zykowe dla dzieci, m\u0142odzie\u017cy i doros\u0142ych.\u00a0 Zaj\u0119cia odbywaj\u0105 si\u0119 online na platformie Google Meet.\u00a0<\/span><\/li><li><span style=\"font-weight: 400;\"> Szko\u0142a prowadzi nauczanie j\u0119zyka angielskiego og\u00f3lnego, specjalistycznego oraz dostosowanego do szczeg\u00f3lnych potrzeb edukacyjnych studenta.\u00a0<\/span><\/li><li><span style=\"font-weight: 400;\"> Student ma prawo do odbycia pierwszej bezp\u0142atnej lekcji pr\u00f3bnej w wymiarze 30 minut.<\/span><\/li><li><span style=\"font-weight: 400;\"> Zaj\u0119cia odbywaj\u0105 si\u0119 w formie zaj\u0119\u0107 indywidualnych.<\/span><\/li><li><span style=\"font-weight: 400;\"> Zaj\u0119cia w Savvy odbywaj\u0105 si\u0119 od poniedzia\u0142ku do niedzieli.<\/span><\/li><li><span style=\"font-weight: 400;\"> Godzina lekcyjna trwa 30 lub 60 minut w zale\u017cno\u015bci od wybranego pakietu zaj\u0119\u0107.\u00a0\u00a0<\/span><\/li><li><span style=\"font-weight: 400;\"> Rekrutacja odbywa si\u0119 na podstawie lekcji pr\u00f3bnej, kt\u00f3rej celem jest ustalenie poziomu zaawansowania s\u0142uchacza.<\/span><\/li><\/ol><p><b>III. Prawa i obowi\u0105zki studenta<\/b><\/p><ol><li><span style=\"font-weight: 400;\"> Studenci maj\u0105 prawo do czynnego uczestnictwa w zaj\u0119ciach, prowadzonych w sprzyjaj\u0105cej zdobywaniu wiedzy atmosferze.<\/span><\/li><li><span style=\"font-weight: 400;\"> Studenci maj\u0105 prawo do zg\u0142aszania uwag dotycz\u0105cych zawarto\u015bci merytorycznej kursu oraz stosowanych metod pracy bezpo\u015brednio do nauczyciela lub na adres email info@savvy.edu.pl<\/span><\/li><li><span style=\"font-weight: 400;\"> Studenci maj\u0105 obowi\u0105zek przestrzegania spo\u0142ecznie przyj\u0119tych norm zachowania, nie zak\u0142\u00f3cania pracy nauczyciela oraz innych uczestnik\u00f3w kursu.<\/span><\/li><li><span style=\"font-weight: 400;\"> Studenci maj\u0105 obowi\u0105zek terminowego uiszczania op\u0142at za kursy, zgodnie z cennikiem szko\u0142y oraz harmonogramem wp\u0142at opisanym w umowie.<\/span><\/li><\/ol><p><b style=\"font-style: inherit; text-align: var(--text-align);\">IV. Prawa i obowi\u0105zki szko\u0142y<\/b><\/p><ol><li><span style=\"font-weight: 400;\"> Obowi\u0105zkiem szko\u0142y jest staranne i efektywne prowadzenie kurs\u00f3w j\u0119zyka angielskiego w wyznaczonych ramach czasowych.<\/span><\/li><li><span style=\"font-weight: 400;\"> W przypadku choroby lektora, szko\u0142a ma obowi\u0105zek wyznaczenia zast\u0119pstwa b\u0105d\u017a, odpracowania zaj\u0119\u0107 w dogodnym dla s\u0142uchaczy terminie.<\/span><\/li><li><span style=\"font-weight: 400;\"> Szko\u0142a zastrzega sobie prawo do zmiany lektora prowadz\u0105cego zaj\u0119cia w trakcie trwania kursu z przyczyn techniczno \u2013 organizacyjnych b\u0105d\u017a innych przyczyn niezale\u017cnych od szko\u0142y.\u00a0<\/span><\/li><li><span style=\"font-weight: 400;\"> Szko\u0142a ma obowi\u0105zek monitorowania i bie\u017c\u0105cej oceny pracy lektor\u00f3w poprzez prowadzenie hospitacji zaj\u0119\u0107 i sprawowanie nadzoru nad przebiegiem kurs\u00f3w.<\/span><\/li><li><span style=\"font-weight: 400;\"> Szko\u0142a zastrzega sobie prawo do usuni\u0119cia ze szko\u0142y student\u00f3w, kt\u00f3rzy:<\/span><\/li><\/ol><ul><li style=\"font-weight: 400;\" aria-level=\"1\"><span style=\"font-weight: 400;\">\u00a0swoim zachowaniem utrudniaj\u0105 lub uniemo\u017cliwiaj\u0105 efektywne prowadzenie zaj\u0119\u0107<\/span><\/li><li style=\"font-weight: 400;\" aria-level=\"1\"><span style=\"font-weight: 400;\">\u00a0naruszaj\u0105 godno\u015b\u0107 innych os\u00f3b<\/span><\/li><li style=\"font-weight: 400;\" aria-level=\"1\"><span style=\"font-weight: 400;\">\u00a0naruszaj\u0105 postanowienia niniejszego regulaminu<\/span><\/li><\/ul><ol start=\"6\"><li><span style=\"font-weight: 400;\"> Szko\u0142a ma prawo odm\u00f3wi\u0107 studentowi dalszej nauki w przypadku cz\u0119stego odwo\u0142ywania zaj\u0119\u0107. Jest to zwi\u0105zane z zarezerwowaniem czasu przez nauczyciela.<\/span><\/li><\/ol><p><b style=\"font-style: inherit; text-align: var(--text-align);\">V. Cena kursu i p\u0142atno\u015bci<\/b><\/p><ol><li><span style=\"font-weight: 400;\"> Aktualny cennik dost\u0119pny jest na stronie internetowej https:\/\/savvy.edu.pl\/cennik.<\/span><\/li><li><span style=\"font-weight: 400;\"> Op\u0142at\u0119 za kurs uiszcza si\u0119 przelewem na konto bankowe o numerze:\u00a0<\/span><\/li><li><span style=\"font-weight: 400;\"> P\u0142atno\u015bci za kurs przyjmowane s\u0105 z g\u00f3ry lub w ratach miesi\u0119cznych zgodnie z wybranym pakietem zaj\u0119\u0107.<\/span><\/li><li>Pakiety spersonalizowane (dopasowane do potrzeb i dost\u0119pno\u015bci kursanta) nie podlegaj\u0105 zwrotowi.<\/li><\/ol><p><b style=\"font-style: inherit; text-align: var(--text-align);\">VI. Odwo\u0142ywanie zaj\u0119\u0107<\/b><\/p><ol><li><span style=\"font-weight: 400;\"> Szko\u0142a zastrzega sobie prawo do odwo\u0142ania zaj\u0119\u0107 w wyj\u0105tkowych sytuacjach, np. z powodu choroby lektora. W tym przypadku zaj\u0119cia nie przepadaj\u0105, ale s\u0105 odrabiane w terminie ustalonym z Klientem.<\/span><\/li><li><span style=\"font-weight: 400;\"> Uczestnik\u00f3w kurs\u00f3w indywidualnych obowi\u0105zuje termin odwo\u0142ania zaj\u0119\u0107 na minimum 6 godzin przed zaj\u0119ciami. Odwo\u0142ania mo\u017cna zg\u0142asza\u0107 bezpo\u015brednio u nauczyciela.<\/span><\/li><li><span style=\"font-weight: 400;\"> W przypadku niezg\u0142oszenia lub niedotrzymania terminu zg\u0142oszenia niemo\u017cno\u015bci uczestnictwa w zaj\u0119ciach, lekcje te zostaj\u0105 uznane za zrealizowane i nie s\u0105 odrabiane.<\/span><\/li><li><span style=\"font-weight: 400;\"> Student przyjmuje do wiadomo\u015bci fakt, i\u017c w razie sp\u00f3\u017anienia studenta, nauczyciel nie ma obowi\u0105zku przed\u0142u\u017cania zaj\u0119\u0107 oraz, i\u017c nauczyciel b\u0119dzie czeka\u0142 na S\u0142uchacza 15 minut, po tym czasie przyjmuje si\u0119, \u017ce student nie przyjdzie na zaj\u0119cia i b\u0119d\u0105 one uznane za odwo\u0142ane nieterminowo.<\/span><\/li><\/ol><p><b>VII. Rezygnacja z kursu<\/b><\/p><ol><li><span style=\"font-weight: 400;\"> Klient ma prawo zrezygnowa\u0107 z zaj\u0119\u0107 w szkole Savvy w ci\u0105gu 14 dni od momentu podpisania umowy.\u00a0<\/span><\/li><li><span style=\"font-weight: 400;\"> Rezygnacje nale\u017cy zg\u0142asza\u0107 mailowo na adres <\/span><a href=\"mailto:info@savvy.edu.pl\"><span style=\"font-weight: 400;\">info@savvy.edu.pl<\/span><\/a><\/li><li><span style=\"font-weight: 400;\"> Umowa zostaje rozwi\u0105zana z zachowaniem 30 \u2013 dniowego okresu wypowiedzenia. Student ma prawo do uczestnictwa w zaj\u0119ciach w czasie okresu wypowiedzenia.<\/span><\/li><li><span style=\"font-weight: 400;\"> Student rezygnuj\u0105cy z kontynuowania kursu zobowi\u0105zany jest do uregulowania nale\u017cnych p\u0142atno\u015bci, w\u0142\u0105czaj\u0105c zaj\u0119cia, kt\u00f3re odbywa\u0107 si\u0119 b\u0119d\u0105 w czasie trwania 30 \u2013 dniowego okresu wypowiedzenia pozosta\u0142ego do momentu rozwi\u0105zania Umowy. Szko\u0142a natomiast dokona zwrotu na rzecz studenta kwoty za niewykorzystane zaj\u0119cia w ramach kursu, jakie odbywa\u0107 si\u0119 b\u0119d\u0105 po rozwi\u0105zaniu Umowy. Zwrot kwoty nast\u0105pi najp\u00f3\u017aniej w terminie do 14 dni od dnia rozwi\u0105zania Umowy.<\/span><\/li><\/ol><p><b>VIII. Lektorzy<\/b><\/p><ol><li><span style=\"font-weight: 400;\"> Zaj\u0119cia na kursach organizowanych w Savvy prowadz\u0105 starannie wyselekcjonowani lektorzy, maj\u0105cy kwalifikacje do nauczania j\u0119zyka angielskiego.\u00a0<\/span><\/li><li><span style=\"font-weight: 400;\"> Szko\u0142a zastrzega sobie prawo do zmiany lektora prowadz\u0105cego zaj\u0119cia w trakcie kursu z przyczyn techniczno-organizacyjnych lub innych powod\u00f3w niezale\u017cnych od szko\u0142y.\u00a0<\/span><\/li><li><span style=\"font-weight: 400;\"> Zaj\u0119cia dydaktyczne oraz praca lektor\u00f3w podlega sta\u0142emu nadzorowi metodycznemu.<\/span><\/li><\/ol><p><b style=\"font-style: inherit; text-align: var(--text-align);\">IX. Opinie o kursach<\/b><\/p><ol><li><span style=\"font-weight: 400;\"> Opinie dotycz\u0105ce kurs\u00f3w j\u0119zykowych publikowane przez Savvy s\u0105 weryfikowane.<\/span><\/li><li><span style=\"font-weight: 400;\"> Weryfikacja nast\u0119puje m.in. poprzez por\u00f3wnanie danych osobowych lub szczeg\u00f3\u0142\u00f3w wsp\u00f3\u0142pracy z danymi i informacjami posiadanymi przez szko\u0142\u0119 w zakresie Klient\u00f3w korzystaj\u0105cych dotychczas z us\u0142ug Szko\u0142y.<\/span><\/li><li><span style=\"font-weight: 400;\"> W przypadku w\u0105tpliwo\u015bci dotycz\u0105cych tego, czy opinia pochodzi od osoby korzystaj\u0105cej z us\u0142ug szko\u0142y, opinia ta nie jest publikowana.<\/span><\/li><li><span style=\"font-weight: 400;\"> Publikowane opinie maj\u0105 na celu przedstawienie korzy\u015bci zwi\u0105zanych z korzystaniem z us\u0142ug Savvy, kt\u00f3re to korzy\u015bci zosta\u0142y dostrze\u017cone przez dotychczasowych Klient\u00f3w.<\/span><\/li><\/ol><p><b style=\"font-style: inherit; text-align: var(--text-align);\">X. Postanowienia ko\u0144cowe<\/b><\/p><ol><li><span style=\"font-weight: 400;\"> Niniejszy Regulamin mo\u017ce ulec zmianie.<\/span><\/li><li><span style=\"font-weight: 400;\"> W sprawach nieuregulowanych postanowieniami niniejszego Regulaminu stosuje si\u0119 odpowiednie przepisy Kodeksu Cywilnego.<\/span><\/li><li><span style=\"font-weight: 400;\"> Szko\u0142a zastrzega sobie mo\u017cliwo\u015b\u0107 zmiany Cennika. Zmiana taka nie mo\u017ce dotyczy\u0107 Us\u0142ug w ramach um\u00f3w ju\u017c zawartych. Zmiana Cennika nie stanowi zmiany niniejszego Regulaminu.<\/span><\/li><li><span style=\"font-weight: 400;\"> Klient o\u015bwiadcza, \u017ce zapozna\u0142 si\u0119 i b\u0119dzie przestrzega\u0142 niniejszego regulaminu.<\/span><\/li><\/ol>\t\t\t\t\t\t<\/div>\n\t\t\t\t<\/div>\n\t\t\t\t\t<\/div>\n\t\t\t\t<\/div>\n\t\t\t\t\t<\/div>\n\t\t\t\t<\/div>\n\t\t<div class=\"elementor-element elementor-element-a38c7bf e-flex e-con-boxed e-con e-parent\" data-id=\"a38c7bf\" data-element_type=\"container\" data-settings=\"{&quot;background_background&quot;:&quot;classic&quot;,&quot;shape_divider_top&quot;:&quot;waves&quot;,&quot;shape_divider_top_negative&quot;:&quot;yes&quot;}\">\n\t\t\t\t\t<div class=\"e-con-inner\">\n\t\t\t\t<div class=\"elementor-shape elementor-shape-top\" data-negative=\"true\">\n\t\t\t<svg xmlns=\"http:\/\/www.w3.org\/2000\/svg\" viewbox=\"0 0 1000 100\" preserveaspectratio=\"none\">\n\t<path class=\"elementor-shape-fill\" d=\"M790.5,93.1c-59.3-5.3-116.8-18-192.6-50c-29.6-12.7-76.9-31-100.5-35.9c-23.6-4.9-52.6-7.8-75.5-5.3\tc-10.2,1.1-22.6,1.4-50.1,7.4c-27.2,6.3-58.2,16.6-79.4,24.7c-41.3,15.9-94.9,21.9-134,22.6C72,58.2,0,25.8,0,25.8V100h1000V65.3\tc0,0-51.5,19.4-106.2,25.7C839.5,97,814.1,95.2,790.5,93.1z\"\/>\n<\/svg>\t\t<\/div>\n\t\t<div class=\"elementor-element elementor-element-c592f5b e-con-full e-flex e-con e-child\" data-id=\"c592f5b\" data-element_type=\"container\">\n\t\t\t\t<\/div>\n\t\t\t\t\t<\/div>\n\t\t\t\t<\/div>\n\t\t\t\t<\/div>","protected":false},"excerpt":{"rendered":"<p>Terms and conditions REGULAMIN SZKO\u0141Y J\u0118ZYKOWEJ SAVVY Us\u0142ugi oferowane na stronie https:\/\/savvy.edu.pl\/ sprzedawane s\u0105 przez dzia\u0142alno\u015b\u0107 gospodarcz\u0105 pod nazw\u0105 Savvy., NIP: , REGON: .\u00a0 Dane do kontaktu: Email: info@savvy.edu.pl _______________________________________________________________________________________________________ I. Postanowienia og\u00f3lne Savvy jest prywatn\u0105 instytucj\u0105 \u015bwiadcz\u0105c\u0105 us\u0142ugi polegaj\u0105ce na nauczaniu j\u0119zyka angielskiego. II. Kursy j\u0119zykowe oraz zasady uczestnictwa w zaj\u0119ciach Szko\u0142a prowadzi kursy [&hellip;]<\/p>","protected":false},"author":1,"featured_media":0,"parent":0,"menu_order":99,"comment_status":"closed","ping_status":"closed","template":"","meta":{"site-sidebar-layout":"no-sidebar","site-content-layout":"page-builder","ast-site-content-layout":"","site-content-style":"default","site-sidebar-style":"default","ast-global-header-display":"","ast-banner-title-visibility":"","ast-main-header-display":"","ast-hfb-above-header-display":"","ast-hfb-below-header-display":"","ast-hfb-mobile-header-display":"","site-post-title":"disabled","ast-breadcrumbs-content":"","ast-featured-img":"disabled","footer-sml-layout":"","theme-transparent-header-meta":"enabled","adv-header-id-meta":"","stick-header-meta":"","header-above-stick-meta":"","header-main-stick-meta":"","header-below-stick-meta":"","astra-migrate-meta-layouts":"default","ast-page-background-enabled":"default","ast-page-background-meta":{"desktop":{"background-color":"","background-image":"","background-repeat":"repeat","background-position":"center center","background-size":"auto","background-attachment":"scroll","background-type":"","background-media":"","overlay-type":"","overlay-color":"","overlay-gradient":""},"tablet":{"background-color":"","background-image":"","background-repeat":"repeat","background-position":"center center","background-size":"auto","background-attachment":"scroll","background-type":"","background-media":"","overlay-type":"","overlay-color":"","overlay-gradient":""},"mobile":{"background-color":"","background-image":"","background-repeat":"repeat","background-position":"center center","background-size":"auto","background-attachment":"scroll","background-type":"","background-media":"","overlay-type":"","overlay-color":"","overlay-gradient":""}},"ast-content-background-meta":{"desktop":{"background-color":"var(--ast-global-color-5)","background-image":"","background-repeat":"repeat","background-position":"center center","background-size":"auto","background-attachment":"scroll","background-type":"","background-media":"","overlay-type":"","overlay-color":"","overlay-gradient":""},"tablet":{"background-color":"var(--ast-global-color-5)","background-image":"","background-repeat":"repeat","background-position":"center center","background-size":"auto","background-attachment":"scroll","background-type":"","background-media":"","overlay-type":"","overlay-color":"","overlay-gradient":""},"mobile":{"background-color":"var(--ast-global-color-5)","background-image":"","background-repeat":"repeat","background-position":"center center","background-size":"auto","background-attachment":"scroll","background-type":"","background-media":"","overlay-type":"","overlay-color":"","overlay-gradient":""}},"_glsr_average":0,"_glsr_ranking":0,"_glsr_reviews":0,"footnotes":""},"class_list":["post-26677","page","type-page","status-publish","hentry"],"_links":{"self":[{"href":"https:\/\/savvy.edu.pl\/en\/wp-json\/wp\/v2\/pages\/26677","targetHints":{"allow":["GET"]}}],"collection":[{"href":"https:\/\/savvy.edu.pl\/en\/wp-json\/wp\/v2\/pages"}],"about":[{"href":"https:\/\/savvy.edu.pl\/en\/wp-json\/wp\/v2\/types\/page"}],"author":[{"embeddable":true,"href":"https:\/\/savvy.edu.pl\/en\/wp-json\/wp\/v2\/users\/1"}],"replies":[{"embeddable":true,"href":"https:\/\/savvy.edu.pl\/en\/wp-json\/wp\/v2\/comments?post=26677"}],"version-history":[{"count":7,"href":"https:\/\/savvy.edu.pl\/en\/wp-json\/wp\/v2\/pages\/26677\/revisions"}],"predecessor-version":[{"id":27060,"href":"https:\/\/savvy.edu.pl\/en\/wp-json\/wp\/v2\/pages\/26677\/revisions\/27060"}],"wp:attachment":[{"href":"https:\/\/savvy.edu.pl\/en\/wp-json\/wp\/v2\/media?parent=26677"}],"curies":[{"name":"wp","href":"https:\/\/api.w.org\/{rel}","templated":true}]}}